{"id":2,"date":"2026-02-10T09:29:13","date_gmt":"2026-02-10T09:29:13","guid":{"rendered":"https:\/\/altrothenburgerhandwerkerhaus.de\/?page_id=2"},"modified":"2026-04-03T20:05:13","modified_gmt":"2026-04-03T20:05:13","slug":"sample-page","status":"publish","type":"page","link":"https:\/\/altrothenburgerhandwerkerhaus.de\/?page_id=2","title":{"rendered":"Wie kam es zum Museum Alt-Rothenburger Handwerkerhaus"},"content":{"rendered":"\n<div class=\"wp-block-group is-vertical is-content-justification-center is-layout-flex wp-container-core-group-is-layout-52b864f0 wp-block-group-is-layout-flex\">\n<p class=\"has-text-align-center has-x-large-font-size\">Hallo ich bin Otto Berger.<br>Ich erz\u00e4hle euch die Geschichte des <br>Alt-Rothenburger Handwerkerhauses<\/p>\n\n\n\n<div style=\"height:0px\" aria-hidden=\"true\" class=\"wp-block-spacer wp-container-content-4f2ccadb\"><\/div>\n\n\n\n<p class=\"has-text-align-center\"><\/p>\n<\/div>\n\n\n\n<p><\/p>\n\n\n\n<div class=\"wp-block-columns alignwide is-layout-flex wp-container-core-columns-is-layout-d0bbbce0 wp-block-columns-is-layout-flex\">\n<div class=\"wp-block-column is-layout-flow wp-container-core-column-is-layout-e3d1c41b wp-block-column-is-layout-flow\">\n<p class=\"has-text-align-left has-medium-font-size\"><strong>Das v\u00f6llig verwahrloste und leerstehende H\u00e4uschen im Alten Stadtgraben 26 habe ich 1972 gekauft. Mit G\u00fcnther Laudenbacher von den Schopf-Keglern waren wir uns einig! Die Fassade kann man mit M\u00fche erhalten, alles Andere bricht ohnehin bald in sich zusammen Und dann errichte ich dahinter eine gro\u00dfz\u00fcgige Kegelbahn.<\/strong><\/p>\n\n\n\n<p><br><\/p>\n<\/div>\n\n\n\n<div class=\"wp-block-column is-layout-flow wp-container-core-column-is-layout-e3d1c41b wp-block-column-is-layout-flow\">\n<p>Pl\u00e4ne wurden erstellt. Bald darauf hatten wir im Markusturm einen Gast, der mich fragte, wem dieses H\u00e4uschen geh\u00f6re. Er stellte sich als Historik-Professor Dr. Heukem\u00e4s aus Ladenburg vor und zeigte mir Bilder, wie unter seiner Anregung \u00e4hnliche \u201eBruchbuden\u201c wundersch\u00f6n erhalten wurden. Seine Aussage: \u201eDas hier ist ein Kleinod und Sie m\u00fcssen alles daran setzen, es zu erhalten\u201c. Er veranlasste eine dendrochronologische Untersuchung: Ergebnis war, 1370 erbaut.<\/p>\n\n\n\n<p>Und dann kam Rudolf Hundertschuh als neuer Verkehrsdirektor. Er war ein Segen f\u00fcr Rothenburg. Er spr\u00fchte vor Ideen und hat mir sehr dabei geholfen, meine Idee durchzusetzen, auch im Winter die Hotels zu \u00f6ffnen. Auch er wollte das uralte H\u00e4uschen anschauen. Wir fanden neben dem Kachelofen im Wohnzimmer einen Spie\u00df, eine Laterne, ein Kuhhorn, einen schwarzen verschlissenen Umhang und einen dick eingestaubten schwarzen Hut.<\/p>\n\n\n\n<p>Wir zeigten Frau Schneiderin Meyer, die im Schopf-Kegler-Team mit Hundertschuh ohnehin f\u00fcrs Historienfest 1974 schon sehr flei\u00dfig schneiderte, den Nachtw\u00e4chter-Umhang und den Hut. Daraufhin schneiderte Frau Meyer 3 Nachtw\u00e4chter-Umh\u00e4nge und besorgte 3 gro\u00dfe schwarze H\u00fcte. Zwei Spie\u00dfe hatten wir noch im Markusturm-Fundus. <\/p>\n\n\n\n<p> Jeden Abend nun zogen drei Nachtw\u00e4chter vom Markusturm aus los und brachten meine Spie\u00dfe, die sicher heute noch immer wandern, und die \u00fcbrigen Utensilien sp\u00e4t nachts zur\u00fcck. Bewerber gab es Gott sei Dank massenhaft. <\/p>\n\n\n\n<p class=\"has-text-align-left\"><\/p>\n<\/div>\n\n\n\n<div class=\"wp-block-column is-layout-flow wp-container-core-column-is-layout-e3d1c41b wp-block-column-is-layout-flow\">\n<p class=\"has-text-align-left\">Auch Rudolf Hundertschuh sagte: \u201eOtto, dieses vermutlich noch einzige H\u00e4uschen aus uralter Zeit musst Du erhalten, koste es, was es wolle\u201c. Durch die gro\u00dfartige Renovierung der Judengassen-H\u00e4user wei\u00df jetzt auch eine breitere \u00d6ffentlichkeit, welche finanziellen Opfer erbracht werden m\u00fcssen.<\/p>\n\n\n\n<p class=\"has-text-align-left\">Ohne meine leider schon verstorbene Frau Marianne g\u00e4be es dieses Museum nicht. Die sorgf\u00e4ltige Sanierung des altehrw\u00fcrdigen H\u00e4uschens aus der Gr\u00fcnderzeit Rothenburgs war das Eine. Aber welche Verwendung kann solch ein uraltestes Baudenkmal bekommen? Ein Gesch\u00e4ft? Unm\u00f6glich! Ein Wohnhaus? Unm\u00f6glich! Da kam Marianne und sagte: \u201eIch hab\u2018s! Wir machen ein Museum!\u201c. Sie war von der Idee begeistert. In ihrem Hotel Markusturm hatte Sie sich ja als begnadete Innenarchitektin schon bewiesen. F\u00fcr die neue Aufgabe war sie Feuer und Flamme. Ihre neue Lekt\u00fcre: Wohnkulturen der vergangenen Jahrhunderte. Im Alleingang richtete sie einen Raum nach dem anderen ein. Ein 16-Stunden-Tag war f\u00fcr sie normal.<\/p>\n\n\n\n<p class=\"has-text-align-left\">Nach 4 Jahren seit dem Ankauf konnten wir am 3. Juni 1976 die Museums-Er\u00f6ffnung feiern. Die Delegation aus M\u00fcnchen \u201eNichtstaatliche Museen\u201c \u00fcberschlugen sich vor Lobeshymnen und konnten nicht glauben, dass Marianne Berger das im Alleingang geschafft hatte.<\/p>\n<\/div>\n<\/div>\n\n\n\n<div style=\"height:min(1.5rem, 2vw)\" aria-hidden=\"true\" class=\"wp-block-spacer\"><\/div>\n\n\n\n<div class=\"wp-block-columns alignwide is-layout-flex wp-container-core-columns-is-layout-d0bbbce0 wp-block-columns-is-layout-flex\">\n<div class=\"wp-block-column has-small-font-size is-layout-flow wp-container-core-column-is-layout-e3d1c41b wp-block-column-is-layout-flow\">\n<p class=\"has-text-align-center has-medium-font-size\">Seitdem steht das liebevoll eingerichtete Alt-Rothenburger Handwerkerhaus, w\u00e4hrend der Saison f\u00fcr Jedermann und Jederfrau offen zur Besichtigung.<\/p>\n\n\n\n<p class=\"has-text-align-center has-accent-3-color has-text-color has-link-color has-large-font-size wp-elements-c0bd6c26424061f543241d79a1c611ae\"><strong>Hereinspaziert, wir freuen uns auf Sie<\/strong><br>. . .<\/p>\n\n\n\n<p><\/p>\n\n\n\n<div class=\"wp-block-columns is-layout-flex wp-container-core-columns-is-layout-28f84493 wp-block-columns-is-layout-flex\">\n<div class=\"wp-block-column is-layout-flow wp-block-column-is-layout-flow\">\n<figure class=\"wp-block-image size-full\"><img loading=\"lazy\" decoding=\"async\" width=\"900\" height=\"913\" src=\"https:\/\/altrothenburgerhandwerkerhaus.de\/wp-content\/uploads\/2026\/04\/schusterkugel.jpg\" alt=\"\" class=\"wp-image-581\" srcset=\"https:\/\/altrothenburgerhandwerkerhaus.de\/wp-content\/uploads\/2026\/04\/schusterkugel.jpg 900w, https:\/\/altrothenburgerhandwerkerhaus.de\/wp-content\/uploads\/2026\/04\/schusterkugel-296x300.jpg 296w, https:\/\/altrothenburgerhandwerkerhaus.de\/wp-content\/uploads\/2026\/04\/schusterkugel-768x779.jpg 768w\" sizes=\"auto, (max-width: 900px) 100vw, 900px\" \/><figcaption class=\"wp-element-caption\">das ist die Schusterkugel, mit der macht man es hell wenn Sie mit Wasser gef\u00fcllt ist<\/figcaption><\/figure>\n<\/div>\n\n\n\n<div class=\"wp-block-column is-layout-flow wp-block-column-is-layout-flow\">\n<figure class=\"wp-block-image size-full\"><img loading=\"lazy\" decoding=\"async\" width=\"900\" height=\"913\" src=\"https:\/\/altrothenburgerhandwerkerhaus.de\/wp-content\/uploads\/2026\/04\/vorratg.jpg\" alt=\"die Vorratskammer, gut ausgestattet\" class=\"wp-image-583\" srcset=\"https:\/\/altrothenburgerhandwerkerhaus.de\/wp-content\/uploads\/2026\/04\/vorratg.jpg 900w, https:\/\/altrothenburgerhandwerkerhaus.de\/wp-content\/uploads\/2026\/04\/vorratg-296x300.jpg 296w, https:\/\/altrothenburgerhandwerkerhaus.de\/wp-content\/uploads\/2026\/04\/vorratg-768x779.jpg 768w\" sizes=\"auto, (max-width: 900px) 100vw, 900px\" \/><figcaption class=\"wp-element-caption\">eine der Vorratskammern<\/figcaption><\/figure>\n<\/div>\n\n\n\n<div class=\"wp-block-column is-layout-flow wp-block-column-is-layout-flow\">\n<figure class=\"wp-block-image size-full\"><img loading=\"lazy\" decoding=\"async\" width=\"900\" height=\"913\" src=\"https:\/\/altrothenburgerhandwerkerhaus.de\/wp-content\/uploads\/2026\/04\/lichtamBrunen.jpg\" alt=\"\" class=\"wp-image-579\" srcset=\"https:\/\/altrothenburgerhandwerkerhaus.de\/wp-content\/uploads\/2026\/04\/lichtamBrunen.jpg 900w, https:\/\/altrothenburgerhandwerkerhaus.de\/wp-content\/uploads\/2026\/04\/lichtamBrunen-296x300.jpg 296w, https:\/\/altrothenburgerhandwerkerhaus.de\/wp-content\/uploads\/2026\/04\/lichtamBrunen-768x779.jpg 768w\" sizes=\"auto, (max-width: 900px) 100vw, 900px\" \/><figcaption class=\"wp-element-caption\">wenn es dunkel wurde, gab es nur eine Kerze als Licht<\/figcaption><\/figure>\n<\/div>\n<\/div>\n\n\n\n<div class=\"wp-block-columns is-layout-flex wp-container-core-columns-is-layout-28f84493 wp-block-columns-is-layout-flex\">\n<div class=\"wp-block-column is-layout-flow wp-block-column-is-layout-flow\">\n<figure class=\"wp-block-image size-full\"><img loading=\"lazy\" decoding=\"async\" width=\"900\" height=\"913\" src=\"https:\/\/altrothenburgerhandwerkerhaus.de\/wp-content\/uploads\/2026\/04\/Garten.jpg\" alt=\"\" class=\"wp-image-582\" srcset=\"https:\/\/altrothenburgerhandwerkerhaus.de\/wp-content\/uploads\/2026\/04\/Garten.jpg 900w, https:\/\/altrothenburgerhandwerkerhaus.de\/wp-content\/uploads\/2026\/04\/Garten-296x300.jpg 296w, https:\/\/altrothenburgerhandwerkerhaus.de\/wp-content\/uploads\/2026\/04\/Garten-768x779.jpg 768w\" sizes=\"auto, (max-width: 900px) 100vw, 900px\" \/><figcaption class=\"wp-element-caption\">der wunderbare Rosengarten<\/figcaption><\/figure>\n<\/div>\n<\/div>\n<\/div>\n<\/div>\n\n\n\n<div class=\"wp-block-columns is-layout-flex wp-container-core-columns-is-layout-28f84493 wp-block-columns-is-layout-flex\"><\/div>\n","protected":false},"excerpt":{"rendered":"<p>Hallo ich bin Otto Berger.Ich erz\u00e4hle euch die Geschichte des Alt-Rothenburger Handwerkerhauses Das v\u00f6llig verwahrloste und leerstehende H\u00e4uschen im Alten Stadtgraben 26 habe ich 1972 gekauft. Mit G\u00fcnther Laudenbacher von den Schopf-Keglern waren wir uns einig! Die Fassade kann man mit M\u00fche erhalten, alles Andere bricht ohnehin bald in sich zusammen Und dann errichte ich [&hellip;]<\/p>\n","protected":false},"author":1,"featured_media":0,"parent":0,"menu_order":0,"comment_status":"closed","ping_status":"open","template":"","meta":{"_kadence_starter_templates_imported_post":false,"footnotes":""},"class_list":["post-2","page","type-page","status-publish","hentry"],"_links":{"self":[{"href":"https:\/\/altrothenburgerhandwerkerhaus.de\/index.php?rest_route=\/wp\/v2\/pages\/2","targetHints":{"allow":["GET"]}}],"collection":[{"href":"https:\/\/altrothenburgerhandwerkerhaus.de\/index.php?rest_route=\/wp\/v2\/pages"}],"about":[{"href":"https:\/\/altrothenburgerhandwerkerhaus.de\/index.php?rest_route=\/wp\/v2\/types\/page"}],"author":[{"embeddable":true,"href":"https:\/\/altrothenburgerhandwerkerhaus.de\/index.php?rest_route=\/wp\/v2\/users\/1"}],"replies":[{"embeddable":true,"href":"https:\/\/altrothenburgerhandwerkerhaus.de\/index.php?rest_route=%2Fwp%2Fv2%2Fcomments&post=2"}],"version-history":[{"count":37,"href":"https:\/\/altrothenburgerhandwerkerhaus.de\/index.php?rest_route=\/wp\/v2\/pages\/2\/revisions"}],"predecessor-version":[{"id":604,"href":"https:\/\/altrothenburgerhandwerkerhaus.de\/index.php?rest_route=\/wp\/v2\/pages\/2\/revisions\/604"}],"wp:attachment":[{"href":"https:\/\/altrothenburgerhandwerkerhaus.de\/index.php?rest_route=%2Fwp%2Fv2%2Fmedia&parent=2"}],"curies":[{"name":"wp","href":"https:\/\/api.w.org\/{rel}","templated":true}]}}