{"id":26,"date":"2026-02-13T17:16:22","date_gmt":"2026-02-13T17:16:22","guid":{"rendered":"https:\/\/altrothenburgerhandwerkerhaus.de\/?page_id=26"},"modified":"2026-04-03T10:08:55","modified_gmt":"2026-04-03T10:08:55","slug":"startseite","status":"publish","type":"page","link":"https:\/\/altrothenburgerhandwerkerhaus.de\/","title":{"rendered":"Herzlich Willkommen im Alt-Rothenburger Handwerkerhaus"},"content":{"rendered":"\n<div class=\"wp-block-group is-content-justification-center is-nowrap is-layout-flex wp-container-core-group-is-layout-23441af8 wp-block-group-is-layout-flex\">\n<p class=\"has-text-align-center is-style-text-subtitle wp-container-content-958eb9dc\" style=\"font-size:clamp(1.403rem, 1.403rem + ((1vw - 0.2rem) * 0.854), 2.3rem);\">gelegen im Herzen der wundersch\u00f6nen Altstadt Rothenburg ob der Tauber<\/p>\n<\/div>\n\n\n\n<p class=\"has-drop-cap is-style-default has-contrast-2-color has-text-color has-link-color wp-elements-c41e25fcb7c99d0519887225170111b7\" style=\"font-size:clamp(0.875rem, 0.875rem + ((1vw - 0.2rem) * 0.31), 1.2rem);line-height:1.8\"><br>Seit 1260 bewahrt das alte Handwerkerhaus inmitten der Altstadt beim Markusturm die Geschichten der Menschen, die hier lebten und arbeiteten. B\u00fcttner, Schmiede Schuster und viele mehr. Niedrige Decken und knarrende Dielen, hier wird das Mittelalter f\u00fchlbar. <br>Jede der liebevoll eingerichtetten 11 Stuben erz\u00e4hlt von Alltag und Handwerk.<br><br><\/p>\n\n\n\n<p class=\"has-text-align-center has-accent-3-color has-text-color has-link-color has-large-font-size wp-elements-0990d88525f2c7b20557c2aa93b4a215\">Ab heute 3. April, Karfreitag wieder ge\u00f6ffnet<br><\/p>\n\n\n\n<p>  <\/p>\n\n\n\n<div class=\"wp-block-group has-global-padding is-layout-constrained wp-block-group-is-layout-constrained\"><\/div>\n\n\n\n<div class=\"wp-block-columns alignwide is-layout-flex wp-container-core-columns-is-layout-16c08e98 wp-block-columns-is-layout-flex\" style=\"border-style:none;border-width:0px;margin-top:0;margin-bottom:0;padding-top:0;padding-right:0;padding-bottom:0;padding-left:0\">\n<div class=\"wp-block-column is-layout-flow wp-block-column-is-layout-flow\">\n<figure class=\"wp-block-image size-full is-style-default\"><img loading=\"lazy\" decoding=\"async\" width=\"1400\" height=\"1400\" src=\"https:\/\/altrothenburgerhandwerkerhaus.de\/wp-content\/uploads\/2026\/02\/kuechequadrat.jpg\" alt=\"HandwerkerhausK\u00fcche\n\" class=\"wp-image-195\" style=\"aspect-ratio:1;object-fit:cover\" srcset=\"https:\/\/altrothenburgerhandwerkerhaus.de\/wp-content\/uploads\/2026\/02\/kuechequadrat.jpg 1400w, https:\/\/altrothenburgerhandwerkerhaus.de\/wp-content\/uploads\/2026\/02\/kuechequadrat-300x300.jpg 300w, https:\/\/altrothenburgerhandwerkerhaus.de\/wp-content\/uploads\/2026\/02\/kuechequadrat-1024x1024.jpg 1024w, https:\/\/altrothenburgerhandwerkerhaus.de\/wp-content\/uploads\/2026\/02\/kuechequadrat-150x150.jpg 150w, https:\/\/altrothenburgerhandwerkerhaus.de\/wp-content\/uploads\/2026\/02\/kuechequadrat-768x768.jpg 768w\" sizes=\"auto, (max-width: 1400px) 100vw, 1400px\" \/><figcaption class=\"wp-element-caption\">die K\u00fcche im \u00e4ltesten Teil des Hauses mit offenem Kamin<\/figcaption><\/figure>\n<\/div>\n\n\n\n<div class=\"wp-block-column is-layout-flow wp-block-column-is-layout-flow\">\n<figure class=\"wp-block-image size-full is-style-default\"><img loading=\"lazy\" decoding=\"async\" width=\"1400\" height=\"1400\" src=\"https:\/\/altrothenburgerhandwerkerhaus.de\/wp-content\/uploads\/2026\/02\/bettstatt.jpg\" alt=\"Schlafkammer\" class=\"wp-image-197\" style=\"aspect-ratio:1;object-fit:contain\" srcset=\"https:\/\/altrothenburgerhandwerkerhaus.de\/wp-content\/uploads\/2026\/02\/bettstatt.jpg 1400w, https:\/\/altrothenburgerhandwerkerhaus.de\/wp-content\/uploads\/2026\/02\/bettstatt-300x300.jpg 300w, https:\/\/altrothenburgerhandwerkerhaus.de\/wp-content\/uploads\/2026\/02\/bettstatt-1024x1024.jpg 1024w, https:\/\/altrothenburgerhandwerkerhaus.de\/wp-content\/uploads\/2026\/02\/bettstatt-150x150.jpg 150w, https:\/\/altrothenburgerhandwerkerhaus.de\/wp-content\/uploads\/2026\/02\/bettstatt-768x768.jpg 768w\" sizes=\"auto, (max-width: 1400px) 100vw, 1400px\" \/><figcaption class=\"wp-element-caption\">Eine der Bettstatt mit Baldachin <\/figcaption><\/figure>\n<\/div>\n\n\n\n<div class=\"wp-block-column is-layout-flow wp-block-column-is-layout-flow\">\n<figure class=\"wp-block-image size-full is-style-default\"><img loading=\"lazy\" decoding=\"async\" width=\"1400\" height=\"1400\" src=\"https:\/\/altrothenburgerhandwerkerhaus.de\/wp-content\/uploads\/2026\/02\/dieWerkstatt.jpg\" alt=\"Die Schusterwerkstatt im neusten Anbau von 1500\" class=\"wp-image-198\" style=\"aspect-ratio:1;object-fit:cover\" srcset=\"https:\/\/altrothenburgerhandwerkerhaus.de\/wp-content\/uploads\/2026\/02\/dieWerkstatt.jpg 1400w, https:\/\/altrothenburgerhandwerkerhaus.de\/wp-content\/uploads\/2026\/02\/dieWerkstatt-300x300.jpg 300w, https:\/\/altrothenburgerhandwerkerhaus.de\/wp-content\/uploads\/2026\/02\/dieWerkstatt-1024x1024.jpg 1024w, https:\/\/altrothenburgerhandwerkerhaus.de\/wp-content\/uploads\/2026\/02\/dieWerkstatt-150x150.jpg 150w, https:\/\/altrothenburgerhandwerkerhaus.de\/wp-content\/uploads\/2026\/02\/dieWerkstatt-768x768.jpg 768w\" sizes=\"auto, (max-width: 1400px) 100vw, 1400px\" \/><figcaption class=\"wp-element-caption\">Die Schusterwerkstatt im neusten Teil des Hauses von 1500<\/figcaption><\/figure>\n<\/div>\n<\/div>\n\n\n\n<div class=\"wp-block-columns alignwide is-layout-flex wp-container-core-columns-is-layout-16c08e98 wp-block-columns-is-layout-flex\" style=\"border-style:none;border-width:0px;margin-top:0;margin-bottom:0;padding-top:0;padding-right:0;padding-bottom:0;padding-left:0\">\n<div class=\"wp-block-column is-layout-flow wp-block-column-is-layout-flow\">\n<figure class=\"wp-block-image size-full is-style-default\"><img loading=\"lazy\" decoding=\"async\" width=\"2400\" height=\"2400\" src=\"https:\/\/altrothenburgerhandwerkerhaus.de\/wp-content\/uploads\/2026\/03\/HWH-Garten.jpg\" alt=\"\" class=\"wp-image-311\" style=\"aspect-ratio:1;object-fit:cover\" srcset=\"https:\/\/altrothenburgerhandwerkerhaus.de\/wp-content\/uploads\/2026\/03\/HWH-Garten.jpg 2400w, https:\/\/altrothenburgerhandwerkerhaus.de\/wp-content\/uploads\/2026\/03\/HWH-Garten-300x300.jpg 300w, https:\/\/altrothenburgerhandwerkerhaus.de\/wp-content\/uploads\/2026\/03\/HWH-Garten-1024x1024.jpg 1024w, https:\/\/altrothenburgerhandwerkerhaus.de\/wp-content\/uploads\/2026\/03\/HWH-Garten-150x150.jpg 150w, https:\/\/altrothenburgerhandwerkerhaus.de\/wp-content\/uploads\/2026\/03\/HWH-Garten-768x768.jpg 768w, https:\/\/altrothenburgerhandwerkerhaus.de\/wp-content\/uploads\/2026\/03\/HWH-Garten-1536x1536.jpg 1536w, https:\/\/altrothenburgerhandwerkerhaus.de\/wp-content\/uploads\/2026\/03\/HWH-Garten-2048x2048.jpg 2048w\" sizes=\"auto, (max-width: 2400px) 100vw, 2400px\" \/><figcaption class=\"wp-element-caption\">Arbeiten im Garten<\/figcaption><\/figure>\n<\/div>\n\n\n\n<div class=\"wp-block-column is-layout-flow wp-block-column-is-layout-flow\">\n<figure class=\"wp-block-image size-full is-style-default\"><img loading=\"lazy\" decoding=\"async\" width=\"1400\" height=\"1400\" src=\"https:\/\/altrothenburgerhandwerkerhaus.de\/wp-content\/uploads\/2026\/02\/Handwerkerhausteil.jpg\" alt=\"Alt-Rothenburger-Handwerkerhaus\" class=\"wp-image-196\" style=\"aspect-ratio:1;object-fit:cover\" srcset=\"https:\/\/altrothenburgerhandwerkerhaus.de\/wp-content\/uploads\/2026\/02\/Handwerkerhausteil.jpg 1400w, https:\/\/altrothenburgerhandwerkerhaus.de\/wp-content\/uploads\/2026\/02\/Handwerkerhausteil-300x300.jpg 300w, https:\/\/altrothenburgerhandwerkerhaus.de\/wp-content\/uploads\/2026\/02\/Handwerkerhausteil-1024x1024.jpg 1024w, https:\/\/altrothenburgerhandwerkerhaus.de\/wp-content\/uploads\/2026\/02\/Handwerkerhausteil-150x150.jpg 150w, https:\/\/altrothenburgerhandwerkerhaus.de\/wp-content\/uploads\/2026\/02\/Handwerkerhausteil-768x768.jpg 768w\" sizes=\"auto, (max-width: 1400px) 100vw, 1400px\" \/><figcaption class=\"wp-element-caption\">Sicht auf das Haus vom Alten Stadtgraben aus<br><\/figcaption><\/figure>\n<\/div>\n\n\n\n<div class=\"wp-block-column is-layout-flow wp-block-column-is-layout-flow\">\n<figure class=\"wp-block-image size-full is-style-default\"><a href=\"https:\/\/altrothenburgerhandwerkerhaus.de\/wp-content\/uploads\/2026\/03\/Handwerkerhaus-handout-2.pdf\"><img loading=\"lazy\" decoding=\"async\" width=\"1516\" height=\"1540\" src=\"https:\/\/altrothenburgerhandwerkerhaus.de\/wp-content\/uploads\/2026\/02\/Logo-alt_rSW.png\" alt=\"Handout \" class=\"wp-image-108\" style=\"aspect-ratio:1;object-fit:cover\" srcset=\"https:\/\/altrothenburgerhandwerkerhaus.de\/wp-content\/uploads\/2026\/02\/Logo-alt_rSW.png 1516w, https:\/\/altrothenburgerhandwerkerhaus.de\/wp-content\/uploads\/2026\/02\/Logo-alt_rSW-295x300.png 295w, https:\/\/altrothenburgerhandwerkerhaus.de\/wp-content\/uploads\/2026\/02\/Logo-alt_rSW-1008x1024.png 1008w, https:\/\/altrothenburgerhandwerkerhaus.de\/wp-content\/uploads\/2026\/02\/Logo-alt_rSW-768x780.png 768w, https:\/\/altrothenburgerhandwerkerhaus.de\/wp-content\/uploads\/2026\/02\/Logo-alt_rSW-1512x1536.png 1512w\" sizes=\"auto, (max-width: 1516px) 100vw, 1516px\" \/><\/a><figcaption class=\"wp-element-caption\">Handout zum Besuch des &#8222;Alt-Rothenburger Handwerkerhaus&#8220;<\/figcaption><\/figure>\n<\/div>\n<\/div>\n\n\n\n<div class=\"wp-block-columns alignwide is-layout-flex wp-container-core-columns-is-layout-16c08e98 wp-block-columns-is-layout-flex\" style=\"border-style:none;border-width:0px;margin-top:0;margin-bottom:0;padding-top:0;padding-right:0;padding-bottom:0;padding-left:0\">\n<div class=\"wp-block-column is-layout-flow wp-container-core-column-is-layout-a77db08e wp-block-column-is-layout-flow\">\n<figure class=\"wp-block-gallery has-nested-images columns-default is-cropped wp-block-gallery-1 is-layout-flex wp-block-gallery-is-layout-flex\">\n<figure class=\"wp-block-image size-full has-custom-border is-style-default\" style=\"margin-right:0;margin-left:0\"><img loading=\"lazy\" decoding=\"async\" width=\"2400\" height=\"2108\" data-id=\"216\" src=\"https:\/\/altrothenburgerhandwerkerhaus.de\/wp-content\/uploads\/2026\/02\/Lageplan.jpg\" alt=\"Stadtplan Rothenburg ob der Tauber\" class=\"wp-image-216\" style=\"border-top-left-radius:0px;border-top-right-radius:0px;border-bottom-left-radius:0px;border-bottom-right-radius:0px;object-fit:cover\" srcset=\"https:\/\/altrothenburgerhandwerkerhaus.de\/wp-content\/uploads\/2026\/02\/Lageplan.jpg 2400w, https:\/\/altrothenburgerhandwerkerhaus.de\/wp-content\/uploads\/2026\/02\/Lageplan-300x264.jpg 300w, https:\/\/altrothenburgerhandwerkerhaus.de\/wp-content\/uploads\/2026\/02\/Lageplan-1024x899.jpg 1024w, https:\/\/altrothenburgerhandwerkerhaus.de\/wp-content\/uploads\/2026\/02\/Lageplan-768x675.jpg 768w, https:\/\/altrothenburgerhandwerkerhaus.de\/wp-content\/uploads\/2026\/02\/Lageplan-1536x1349.jpg 1536w, https:\/\/altrothenburgerhandwerkerhaus.de\/wp-content\/uploads\/2026\/02\/Lageplan-2048x1799.jpg 2048w\" sizes=\"auto, (max-width: 2400px) 100vw, 2400px\" \/><\/figure>\n<\/figure>\n<\/div>\n<\/div>\n\n\n\n<p class=\"has-contrast-2-color has-text-color has-link-color wp-elements-06d867eecf3f29bc70e271574fc69f46\" style=\"font-size:clamp(0.875rem, 0.875rem + ((1vw - 0.2rem) * 0.405), 1.3rem);line-height:1.8\">So finden Sie uns <br>Alt-Rothenburger Handwerkerhaus,<br>Alter Stadtgraben 26, <br>ganz nah beim Markusturm, nur wenige Gehminuten vom Marktplatz entfernt.im Herzen von Rothenburg ob der Tauber<\/p>\n\n\n\n<p class=\"has-medium-font-size\"><strong>Das Alt-Rothenburger Handwerkerhaus ist wieder ge\u00f6ffnet <\/strong><br><strong>mit dem Osterwochenede <\/strong><br>Ostern &#8211; 31. Oktober, <a href=\"https:\/\/altrothenburgerhandwerkerhaus.de\/?page_id=518\" data-type=\"page\" data-id=\"518\">Zeiten<\/a><\/p>\n\n\n\n<div class=\"wp-block-columns is-layout-flex wp-container-core-columns-is-layout-28f84493 wp-block-columns-is-layout-flex\">\n<div class=\"wp-block-column is-layout-flow wp-block-column-is-layout-flow\">\n<div class=\"wp-block-columns is-layout-flex wp-container-core-columns-is-layout-28f84493 wp-block-columns-is-layout-flex\">\n<div class=\"wp-block-column is-layout-flow wp-block-column-is-layout-flow\" style=\"flex-basis:25%\"><\/div>\n\n\n\n<div class=\"wp-block-column is-layout-flow wp-block-column-is-layout-flow\" style=\"flex-basis:50%\"><\/div>\n\n\n\n<div class=\"wp-block-column is-layout-flow wp-block-column-is-layout-flow\" style=\"flex-basis:25%\"><\/div>\n<\/div>\n<\/div>\n<\/div>\n\n\n\n<p><\/p>\n\n\n\n<figure class=\"wp-block-image size-large\"><img loading=\"lazy\" decoding=\"async\" width=\"1024\" height=\"576\" src=\"https:\/\/altrothenburgerhandwerkerhaus.de\/wp-content\/uploads\/2026\/02\/Walburgas_GuteStube-1024x576.jpg\" alt=\"\" class=\"wp-image-135\" srcset=\"https:\/\/altrothenburgerhandwerkerhaus.de\/wp-content\/uploads\/2026\/02\/Walburgas_GuteStube-1024x576.jpg 1024w, https:\/\/altrothenburgerhandwerkerhaus.de\/wp-content\/uploads\/2026\/02\/Walburgas_GuteStube-300x169.jpg 300w, https:\/\/altrothenburgerhandwerkerhaus.de\/wp-content\/uploads\/2026\/02\/Walburgas_GuteStube-768x432.jpg 768w, https:\/\/altrothenburgerhandwerkerhaus.de\/wp-content\/uploads\/2026\/02\/Walburgas_GuteStube.jpg 1400w\" sizes=\"auto, (max-width: 1024px) 100vw, 1024px\" \/><\/figure>\n\n\n\n<p class=\"has-text-align-right has-small-font-size\">\u00a9Dieter Balb<br><\/p>\n\n\n\n<p style=\"margin-top:0;margin-bottom:0;font-size:clamp(0.875rem, 0.875rem + ((1vw - 0.2rem) * 0.31), 1.2rem);line-height:1.8\">Ein Besuch lohnt sich auch mit der Walburga-F\u00fchrung bei einem Abendlichen Rundgang. <br>Jeden Donnerstag, Freitag und Samstag<br>Start ist um 19 Uhr vom Marktplatz <\/p>\n\n\n\n<p style=\"margin-top:0;margin-bottom:0;font-size:clamp(0.875rem, 0.875rem + ((1vw - 0.2rem) * 0.31), 1.2rem);line-height:1.8\">Info unter <a href=\"http:\/\/www.walburga-rothenburg.de\" target=\"_blank\" rel=\"noreferrer noopener\">Walburgas Zeitreise<\/a><br><\/p>\n\n\n\n<div class=\"wp-block-columns are-vertically-aligned-bottom is-layout-flex wp-container-core-columns-is-layout-28f84493 wp-block-columns-is-layout-flex\"><\/div>\n\n\n\n<p><\/p>\n\n\n\n<div class=\"wp-block-group alignfull has-global-padding is-layout-constrained wp-container-core-group-is-layout-669513ed wp-block-group-is-layout-constrained\" style=\"margin-top:0;margin-bottom:0;padding-top:var(--wp--preset--spacing--50);padding-right:var(--wp--preset--spacing--50);padding-bottom:var(--wp--preset--spacing--50);padding-left:var(--wp--preset--spacing--50)\">\n<div class=\"wp-block-group is-vertical is-content-justification-left is-layout-flex wp-container-core-group-is-layout-dd225191 wp-block-group-is-layout-flex\">\n<p class=\"has-text-align-center has-large-font-size\">Wir freuen uns auf Sie<\/p>\n<\/div>\n\n\n\n<div class=\"wp-block-columns alignwide is-layout-flex wp-container-core-columns-is-layout-4935966c wp-block-columns-is-layout-flex\" style=\"padding-right:0;padding-left:0\">\n<div class=\"wp-block-column is-layout-flow wp-block-column-is-layout-flow\">\n<div class=\"wp-block-group is-vertical is-content-justification-center is-nowrap is-layout-flex wp-container-core-group-is-layout-21d4e958 wp-block-group-is-layout-flex\">\n<figure class=\"wp-block-image size-large\"><img loading=\"lazy\" decoding=\"async\" width=\"999\" height=\"1024\" src=\"https:\/\/altrothenburgerhandwerkerhaus.de\/wp-content\/uploads\/2026\/03\/HandwerkerhausFlyermitPlanvr-999x1024.jpg\" alt=\"\" class=\"wp-image-497\" srcset=\"https:\/\/altrothenburgerhandwerkerhaus.de\/wp-content\/uploads\/2026\/03\/HandwerkerhausFlyermitPlanvr-999x1024.jpg 999w, https:\/\/altrothenburgerhandwerkerhaus.de\/wp-content\/uploads\/2026\/03\/HandwerkerhausFlyermitPlanvr-293x300.jpg 293w, https:\/\/altrothenburgerhandwerkerhaus.de\/wp-content\/uploads\/2026\/03\/HandwerkerhausFlyermitPlanvr-768x787.jpg 768w, https:\/\/altrothenburgerhandwerkerhaus.de\/wp-content\/uploads\/2026\/03\/HandwerkerhausFlyermitPlanvr-1499x1536.jpg 1499w, https:\/\/altrothenburgerhandwerkerhaus.de\/wp-content\/uploads\/2026\/03\/HandwerkerhausFlyermitPlanvr-1999x2048.jpg 1999w\" sizes=\"auto, (max-width: 999px) 100vw, 999px\" \/><\/figure>\n\n\n\n<p class=\"has-text-align-center has-small-font-size\"><\/p>\n<\/div>\n<\/div>\n<\/div>\n<\/div>\n\n\n\n<p><\/p>\n","protected":false},"excerpt":{"rendered":"<p>gelegen im Herzen der wundersch\u00f6nen Altstadt Rothenburg ob der Tauber Seit 1260 bewahrt das alte Handwerkerhaus inmitten der Altstadt beim Markusturm die Geschichten der Menschen, die hier lebten und arbeiteten. B\u00fcttner, Schmiede Schuster und viele mehr. Niedrige Decken und knarrende Dielen, hier wird das Mittelalter f\u00fchlbar. Jede der liebevoll eingerichtetten 11 Stuben erz\u00e4hlt von Alltag [&hellip;]<\/p>\n","protected":false},"author":2,"featured_media":199,"parent":0,"menu_order":0,"comment_status":"closed","ping_status":"closed","template":"","meta":{"_kadence_starter_templates_imported_post":false,"footnotes":""},"class_list":["post-26","page","type-page","status-publish","has-post-thumbnail","hentry"],"_links":{"self":[{"href":"https:\/\/altrothenburgerhandwerkerhaus.de\/index.php?rest_route=\/wp\/v2\/pages\/26","targetHints":{"allow":["GET"]}}],"collection":[{"href":"https:\/\/altrothenburgerhandwerkerhaus.de\/index.php?rest_route=\/wp\/v2\/pages"}],"about":[{"href":"https:\/\/altrothenburgerhandwerkerhaus.de\/index.php?rest_route=\/wp\/v2\/types\/page"}],"author":[{"embeddable":true,"href":"https:\/\/altrothenburgerhandwerkerhaus.de\/index.php?rest_route=\/wp\/v2\/users\/2"}],"replies":[{"embeddable":true,"href":"https:\/\/altrothenburgerhandwerkerhaus.de\/index.php?rest_route=%2Fwp%2Fv2%2Fcomments&post=26"}],"version-history":[{"count":107,"href":"https:\/\/altrothenburgerhandwerkerhaus.de\/index.php?rest_route=\/wp\/v2\/pages\/26\/revisions"}],"predecessor-version":[{"id":598,"href":"https:\/\/altrothenburgerhandwerkerhaus.de\/index.php?rest_route=\/wp\/v2\/pages\/26\/revisions\/598"}],"wp:featuredmedia":[{"embeddable":true,"href":"https:\/\/altrothenburgerhandwerkerhaus.de\/index.php?rest_route=\/wp\/v2\/media\/199"}],"wp:attachment":[{"href":"https:\/\/altrothenburgerhandwerkerhaus.de\/index.php?rest_route=%2Fwp%2Fv2%2Fmedia&parent=26"}],"curies":[{"name":"wp","href":"https:\/\/api.w.org\/{rel}","templated":true}]}}