{"id":518,"date":"2026-04-02T06:45:19","date_gmt":"2026-04-02T06:45:19","guid":{"rendered":"https:\/\/altrothenburgerhandwerkerhaus.de\/?page_id=518"},"modified":"2026-04-03T10:01:08","modified_gmt":"2026-04-03T10:01:08","slug":"oeffnungszeiten-eintrittspreise","status":"publish","type":"page","link":"https:\/\/altrothenburgerhandwerkerhaus.de\/?page_id=518","title":{"rendered":"\u00d6ffnungszeiten &amp; Eintrittspreise"},"content":{"rendered":"\n<p><\/p>\n\n\n\n<p><\/p>\n\n\n\n<div class=\"wp-block-group alignfull has-global-padding is-layout-constrained wp-container-core-group-is-layout-d89aad35 wp-block-group-is-layout-constrained\" style=\"margin-top:0;margin-bottom:0;padding-top:var(--wp--preset--spacing--50);padding-right:var(--wp--preset--spacing--50);padding-bottom:var(--wp--preset--spacing--50);padding-left:var(--wp--preset--spacing--50)\">\n<div class=\"wp-block-columns alignwide is-layout-flex wp-container-core-columns-is-layout-1da03c2a wp-block-columns-is-layout-flex\">\n<div class=\"wp-block-column is-vertically-aligned-stretch is-layout-flow wp-block-column-is-layout-flow\" style=\"flex-basis:50%\">\n<div class=\"wp-block-group is-vertical is-content-justification-stretch is-layout-flex wp-container-core-group-is-layout-444d5ee8 wp-block-group-is-layout-flex\" style=\"min-height:100%\">\n<p class=\"has-heading-font-family has-large-font-size\" style=\"line-height:1.2\">Die Saison 2026 startet mit dem Osterwochenende. <br><br>Ausnahmsweise haben wir auch am Montag 6. April von 11 &#8211; 15 Uhr f\u00fcr Sie ge\u00f6ffnet.<br><br>Wir freuen uns auf Sie<br>looking forward to welcome you<br><br><\/p>\n\n\n\n<div class=\"wp-block-columns are-vertically-aligned-top is-layout-flex wp-container-core-columns-is-layout-28f84493 wp-block-columns-is-layout-flex\">\n<div class=\"wp-block-column is-vertically-aligned-top is-layout-flow wp-block-column-is-layout-flow\" style=\"flex-basis:33.33%\">\n<p class=\"has-medium-font-size\">\u00d6ffnungszeiten<br><\/p>\n<\/div>\n\n\n\n<div class=\"wp-block-column is-vertically-aligned-top is-layout-flow wp-block-column-is-layout-flow\" style=\"flex-basis:66.66%\">\n<p class=\"has-large-font-size\">Di. &#8211; So. immer <br>von 11 &#8211; 15 Uhr<\/p>\n\n\n\n<p>da unser Museum von Ehrenamtlichen gef\u00fchrt wird, k\u00f6nnen wir nicht immer garantieren, dass es zu den \u00fcblichen \u00d6ffnungszeiten f\u00fcr Sie bereit ist.<br><br>Wir versuchen hier immer Aktuell zu sein<\/p>\n<\/div>\n<\/div>\n\n\n\n<p class=\"has-heading-font-family has-large-font-size\" style=\"line-height:1.2\"><br><\/p>\n<\/div>\n<\/div>\n\n\n\n<div class=\"wp-block-column is-vertically-aligned-center is-layout-flow wp-block-column-is-layout-flow\" style=\"flex-basis:50%\">\n<figure class=\"wp-block-image size-large has-custom-border\" style=\"margin-right:0;margin-left:0\"><img loading=\"lazy\" decoding=\"async\" width=\"1024\" height=\"1024\" src=\"https:\/\/altrothenburgerhandwerkerhaus.de\/wp-content\/uploads\/2026\/04\/bettstatt-1024x1024.jpg\" alt=\"\" class=\"wp-image-546\" style=\"border-style:none;border-width:0px\" srcset=\"https:\/\/altrothenburgerhandwerkerhaus.de\/wp-content\/uploads\/2026\/04\/bettstatt-1024x1024.jpg 1024w, https:\/\/altrothenburgerhandwerkerhaus.de\/wp-content\/uploads\/2026\/04\/bettstatt-300x300.jpg 300w, https:\/\/altrothenburgerhandwerkerhaus.de\/wp-content\/uploads\/2026\/04\/bettstatt-150x150.jpg 150w, https:\/\/altrothenburgerhandwerkerhaus.de\/wp-content\/uploads\/2026\/04\/bettstatt-768x768.jpg 768w, https:\/\/altrothenburgerhandwerkerhaus.de\/wp-content\/uploads\/2026\/04\/bettstatt.jpg 1400w\" sizes=\"auto, (max-width: 1024px) 100vw, 1024px\" \/><\/figure>\n<\/div>\n<\/div>\n\n\n\n<div class=\"wp-block-columns alignwide is-layout-flex wp-container-core-columns-is-layout-1da03c2a wp-block-columns-is-layout-flex\">\n<div class=\"wp-block-column is-vertically-aligned-stretch is-layout-flow wp-block-column-is-layout-flow\" style=\"flex-basis:50%\">\n<div class=\"wp-block-group is-vertical is-content-justification-stretch is-layout-flex wp-container-core-group-is-layout-444d5ee8 wp-block-group-is-layout-flex\" style=\"min-height:100%\">\n<p><br><\/p>\n\n\n\n<div class=\"wp-block-columns is-layout-flex wp-container-core-columns-is-layout-28f84493 wp-block-columns-is-layout-flex\">\n<div class=\"wp-block-column is-layout-flow wp-block-column-is-layout-flow\" style=\"flex-basis:33.33%\">\n<p class=\"has-medium-font-size\">Preise<\/p>\n<\/div>\n\n\n\n<div class=\"wp-block-column is-layout-flow wp-block-column-is-layout-flow\" style=\"flex-basis:66.66%\">\n<p class=\"has-large-font-size\">3,oo \u20ac Erwachsene<br>1,5o \u20ac Sch\u00fcler<br>0,5o Kinder bis 6 Jahre<br>2,5o pP Gruppe ab 10 Personen<br><br><\/p>\n<\/div>\n<\/div>\n\n\n\n<p><br><\/p>\n<\/div>\n<\/div>\n\n\n\n<div class=\"wp-block-column is-vertically-aligned-top is-layout-flow wp-block-column-is-layout-flow\" style=\"flex-basis:50%\">\n<figure class=\"wp-block-image size-large\"><img loading=\"lazy\" decoding=\"async\" width=\"993\" height=\"1024\" src=\"https:\/\/altrothenburgerhandwerkerhaus.de\/wp-content\/uploads\/2026\/04\/RueckseiteHandwerkerhaus-993x1024.jpg\" alt=\"\" class=\"wp-image-553\" srcset=\"https:\/\/altrothenburgerhandwerkerhaus.de\/wp-content\/uploads\/2026\/04\/RueckseiteHandwerkerhaus-993x1024.jpg 993w, https:\/\/altrothenburgerhandwerkerhaus.de\/wp-content\/uploads\/2026\/04\/RueckseiteHandwerkerhaus-291x300.jpg 291w, https:\/\/altrothenburgerhandwerkerhaus.de\/wp-content\/uploads\/2026\/04\/RueckseiteHandwerkerhaus-768x792.jpg 768w, https:\/\/altrothenburgerhandwerkerhaus.de\/wp-content\/uploads\/2026\/04\/RueckseiteHandwerkerhaus.jpg 1400w\" sizes=\"auto, (max-width: 993px) 100vw, 993px\" \/><\/figure>\n<\/div>\n<\/div>\n\n\n\n<div class=\"wp-block-columns alignwide is-layout-flex wp-container-core-columns-is-layout-1da03c2a wp-block-columns-is-layout-flex\">\n<div class=\"wp-block-column is-vertically-aligned-stretch is-layout-flow wp-block-column-is-layout-flow\" style=\"flex-basis:50%\">\n<div class=\"wp-block-group is-vertical is-content-justification-stretch is-layout-flex wp-container-core-group-is-layout-444d5ee8 wp-block-group-is-layout-flex\" style=\"min-height:100%\">\n<p><br><br><\/p>\n<\/div>\n<\/div>\n\n\n\n<div class=\"wp-block-column is-vertically-aligned-center is-layout-flow wp-block-column-is-layout-flow\" style=\"flex-basis:50%\"><\/div>\n<\/div>\n\n\n\n<div class=\"wp-block-columns alignwide is-layout-flex wp-container-core-columns-is-layout-1da03c2a wp-block-columns-is-layout-flex\"><\/div>\n<\/div>\n","protected":false},"excerpt":{"rendered":"<p>Die Saison 2026 startet mit dem Osterwochenende. Ausnahmsweise haben wir auch am Montag 6. April von 11 &#8211; 15 Uhr f\u00fcr Sie ge\u00f6ffnet. Wir freuen uns auf Sielooking forward to welcome you \u00d6ffnungszeiten Di. &#8211; So. immer von 11 &#8211; 15 Uhr da unser Museum von Ehrenamtlichen gef\u00fchrt wird, k\u00f6nnen wir nicht immer garantieren, dass [&hellip;]<\/p>\n","protected":false},"author":2,"featured_media":482,"parent":0,"menu_order":0,"comment_status":"closed","ping_status":"closed","template":"","meta":{"_kadence_starter_templates_imported_post":false,"footnotes":""},"class_list":["post-518","page","type-page","status-publish","has-post-thumbnail","hentry"],"_links":{"self":[{"href":"https:\/\/altrothenburgerhandwerkerhaus.de\/index.php?rest_route=\/wp\/v2\/pages\/518","targetHints":{"allow":["GET"]}}],"collection":[{"href":"https:\/\/altrothenburgerhandwerkerhaus.de\/index.php?rest_route=\/wp\/v2\/pages"}],"about":[{"href":"https:\/\/altrothenburgerhandwerkerhaus.de\/index.php?rest_route=\/wp\/v2\/types\/page"}],"author":[{"embeddable":true,"href":"https:\/\/altrothenburgerhandwerkerhaus.de\/index.php?rest_route=\/wp\/v2\/users\/2"}],"replies":[{"embeddable":true,"href":"https:\/\/altrothenburgerhandwerkerhaus.de\/index.php?rest_route=%2Fwp%2Fv2%2Fcomments&post=518"}],"version-history":[{"count":25,"href":"https:\/\/altrothenburgerhandwerkerhaus.de\/index.php?rest_route=\/wp\/v2\/pages\/518\/revisions"}],"predecessor-version":[{"id":573,"href":"https:\/\/altrothenburgerhandwerkerhaus.de\/index.php?rest_route=\/wp\/v2\/pages\/518\/revisions\/573"}],"wp:featuredmedia":[{"embeddable":true,"href":"https:\/\/altrothenburgerhandwerkerhaus.de\/index.php?rest_route=\/wp\/v2\/media\/482"}],"wp:attachment":[{"href":"https:\/\/altrothenburgerhandwerkerhaus.de\/index.php?rest_route=%2Fwp%2Fv2%2Fmedia&parent=518"}],"curies":[{"name":"wp","href":"https:\/\/api.w.org\/{rel}","templated":true}]}}